{"id":1272,"date":"2024-03-19T10:56:16","date_gmt":"2024-03-19T08:56:16","guid":{"rendered":"https:\/\/getup.lv\/?page_id=1272"},"modified":"2025-10-21T11:41:22","modified_gmt":"2025-10-21T09:41:22","slug":"usloviya-ispolzovaniya","status":"publish","type":"page","link":"https:\/\/getup.lv\/ru\/usloviya-ispolzovaniya\/","title":{"rendered":"\u0423\u0441\u043b\u043e\u0432\u0438\u044f \u0438\u0441\u043f\u043e\u043b\u044c\u0437\u043e\u0432\u0430\u043d\u0438\u044f"},"content":{"rendered":"\t\t<div data-elementor-type=\"wp-page\" data-elementor-id=\"1272\" class=\"elementor elementor-1272\">\n\t\t\t\t<div class=\"elementor-element elementor-element-7235cf6 e-con-full e-flex e-con e-parent\" data-id=\"7235cf6\" data-element_type=\"container\">\n\t\t\t\t<div class=\"elementor-element elementor-element-4bf4ccf elementor-widget elementor-widget-getup-header-page\" data-id=\"4bf4ccf\" data-element_type=\"widget\" data-widget_type=\"getup-header-page.default\">\n\t\t\t\t<div class=\"elementor-widget-container\">\n\t\t\t\t\t\r\n            <div class=\"getup__header-page\">\r\n                <div class=\"header__page-inner\" style=\"background-image:url(https:\/\/getup.lv\/wp-content\/uploads\/main_page_bck-3-8.png)\">\r\n                    <div class=\"container header__page-container\">\r\n                        <h1 class=\"header__page-title\" data-aos=\"fade-right\" data-aos-duration=\"750\">\u0423\u0441\u043b\u043e\u0432\u0438\u044f \u0438\u0441\u043f\u043e\u043b\u044c\u0437\u043e\u0432\u0430\u043d\u0438\u044f<\/h1>\r\n                    <\/div>\r\n                <\/div>\r\n            <\/div>\r\n        \t\t\t\t<\/div>\n\t\t\t\t<\/div>\n\t\t\t\t<\/div>\n\t\t<div class=\"elementor-element elementor-element-855ac83 e-flex e-con-boxed e-con e-parent\" data-id=\"855ac83\" data-element_type=\"container\">\n\t\t\t\t\t<div class=\"e-con-inner\">\n\t\t\t\t<div class=\"elementor-element elementor-element-ca46785 elementor-widget elementor-widget-text-editor\" data-id=\"ca46785\" data-element_type=\"widget\" data-widget_type=\"text-editor.default\">\n\t\t\t\t<div class=\"elementor-widget-container\">\n\t\t\t\t\t\t\t\t\t<h5><strong>Distances l\u012bgums<\/strong><\/h5><p>GetUp IK, re\u0123. Nr. 40002211123, Stopi\u0146u iela 8 k-1 -14, LV-1035, R\u012bga, turpm\u0101k \u2013 internetvietne \u2013 nodro\u0161ina m\u0101jas lap\u0101 pieejamo saturu un sniedz pakalpojumus saska\u0146\u0101 ar zem\u0101k izkl\u0101st\u012btajiem Lieto\u0161anas noteikumiem.<\/p><p><strong>Visp\u0101r\u012bgie noteikumi<\/strong><\/p><p>Ja pat\u0113r\u0113t\u0101js, izmantojot m\u0101jas lapas starpniec\u012bbu ieg\u0101d\u0101jas pakalpojumus, tad \u0161\u0101da savstarp\u0113ja vieno\u0161an\u0101s tiek uzskat\u012bta par Distances l\u012bgumu un ir pak\u013cauta Latvijas Republikas ties\u012bbu norm\u0101m, kas regul\u0113 distances l\u012bgumu tai skait\u0101, bet ne tikai, Latvijas Republikas \u201ePat\u0113r\u0113t\u0101ju ties\u012bbu aizsardz\u012bbas likums\u201d, Latvijas Republikas Ministru Kabineta noteikumiem \u201eNoteikumi par distances l\u012bgumu\u201d u.c.<\/p><p><strong>Pas\u016bt\u012b\u0161anas, pieg\u0101des un samaksas k\u0101rt\u012bba<\/strong><\/p><p>Pat\u0113r\u0113t\u0101js veic pakalpojumus pas\u016bt\u012b\u0161anu caur \u0161o m\u0101jas lapu, nor\u0101dot ieg\u0101d\u0101jamo pakalpojumu veidu un daudzumu. Pat\u0113r\u0113t\u0101jam ir iesp\u0113ja veikt apmaksu par pakalpojumu, lietojot internetvietn\u0113 iestr\u0101d\u0101tos maks\u0101juma r\u012bkus vai apmaks\u0101jot p\u0101rdev\u0113ja sagatavoto un Pat\u0113r\u0113t\u0101jam pa e-pastu nos\u016bt\u012bto pas\u016bt\u012bjumam atbilsto\u0161o r\u0113\u0137inu. R\u0113\u0137ins tiek sagatavots elektroniski un ir der\u012bgs bez paraksta.<\/p><p>Pakalpojuma sniedz\u0113js nodro\u0161ina pakalpojumu snieg\u0161anu noteikt\u0101ja dien\u0101 un laik\u0101 k\u0101 nor\u0101d\u012bts pirkum\u0101, kop\u0161 ir sa\u0146emta apmaksa par pakalpojumu, un pakalpojuma laiks ir apstiprin\u0101ts ar Pakalpojuma sniedz\u0113ju.<\/p><p>Preces cenu, kas min\u0113ta intern\u0113ta vietn\u0113, Pakalpojuma sniedz\u0113js ir ties\u012bgs main\u012bt vienpus\u0113ji. \u0160aj\u0101 gad\u012bjum\u0101 Pat\u0113r\u0113t\u0101ja pas\u016bt\u012bt\u0101s un apmaks\u0101t\u0101s pakalpojumu cena nevar tikt main\u012bta.<\/p><p><strong>Atteikuma ties\u012bbas<\/strong><\/p><p>Pat\u0113r\u0113t\u0101jam ir s\u0113kojo\u0161as pakalpojumu atteikuma ties\u012bbas:<\/p><ul><li>Pat\u0113r\u0113t\u0101js var atteikties no pakalpojuma, nos\u016btot Pakalpojuma sniedz\u0113jam par to atteikuma v\u0113stuli pa e-pasu vai informejot Pakalpojuma sniedz\u0113ju telefoniski.<\/li><li>Inform\u0113jot P\u0101rdeveju 24 stundas pirms apstiprin\u0101tas pakalpojumu snieg\u0161anas laika, apmaks\u0101ta pakalpojumu summa tiks atgriezta Pat\u0113r\u0113t\u0101jam piln\u0101 apm\u0113r\u0101.<\/li><li>Inform\u0113jot Pakalpojuma sniedz\u0113ju v\u0113l\u0101k nek\u0101 24 stundas pirms apstiprin\u0101tas pakalpojumu laika, Pakalpojuma sniedz\u0113jam ir ties\u012bbas pied\u0101v\u0101t Pat\u0113r\u0113t\u0101jsam sa\u0146emt pakalpojumu (konsult\u0101ciju) tie\u0161sait\u0113. Ja Pat\u0113r\u0113t\u0101js, k\u0101du apstak\u013cu d\u0113\u013c, nevar ar\u012b sa\u0146emt pakalpojumu (piedal\u012bties konsult\u0101cija) tie\u0161sait\u0113, Pakalpojuma sniedz\u0113jam ir ties\u012bbas ietur\u0113t samaks\u0101tu naudu par pakalpojumu piln\u0101 apm\u0113r\u0101.<\/li><li>Neiera\u0161an\u0101s gad\u012bjum\u0101 uz apstiprin\u0101tu kl\u0101tienes vai tie\u0161saites konsult\u0101ciju, samaks\u0101ta nauda par pakalpojumu netiek atgriezta.<\/li><\/ul><p>Nauda tiek atgriezta Pat\u0113r\u0113t\u0101jam septi\u0146u darba dienu laik\u0101 no atteikuma v\u0113stules sa\u0146em\u0161\u0101nas un apstiprin\u0101sanas no Pakalpojuma sniedz\u0113ja puses. Nauda tiks atmaks\u0101ta ar bankas p\u0101rskait\u012bjumu uz bankas nor\u0113\u0137inu kontu, kas tika izmantots, veicot maks\u0101jumu. Ja apmaksa par pirkumu tiek veikta ar maks\u0101jumu karti, nauda tiks atgriezta uz Pat\u0113r\u0113t\u0101ja maks\u0101jumu kartes. Netiek uzskat\u012bts, ka Pakalpojuma sniedz\u0113js ir p\u0101rk\u0101pis naudas atmaksas nosac\u012bjumus, ja naudas p\u0101rskait\u012bjumu nav iesp\u0113jams veikt Pat\u0113r\u0113t\u0101ja vainas d\u0113\u013c (pamain\u012bjies bankas konts utt).<\/p><p><strong>Citi noteikumi:<\/strong><\/p><p>Pakalpojuma sniedz\u0113js var p\u0113c savas iniciat\u012bvas pie\u0161\u0137irt atlaides vai noteikt akcijas cenas internetvietn\u0113. Interneta vietn\u0113 pie\u0161\u0137irt\u0101s atlaides un akcijas nesumm\u0113jas.<\/p><p>Pakalpojuma sniedz\u0113js ir ties\u012bgs piepras\u012bt Pat\u0113r\u0113t\u0101jam uzr\u0101d\u012bt nepiecie\u0161amos apliecino\u0161us dokumentus vai sniegt citu nepiecies\u0101mu inform\u0101ciju atlaides sa\u0146\u0113m\u0161anai.<\/p><p>Pakalpojuma sniedz\u0113jam ir ties\u012bbas vienpus\u0113ji, bez atsevi\u0161\u0137a br\u012bdin\u0101juma, main\u012bt \u012bpa\u0161o pied\u0101v\u0101jumu vai atlai\u017eu nosac\u012bjumus vai ar\u012b tos atcelt.<\/p><p>Pakalpojuma sniedz\u0113js nav atbild\u012bgs par interneta savienojuma trauc\u0113jumiem vai trauc\u0113jumiem t\u012bklos vai e-pasta vietn\u0113s, kuru d\u0113\u013c Pat\u0113r\u0113t\u0101js nav sa\u0146\u0113mis Pakalpojuma sniedz\u0113jsa zi\u0146ojumus.<\/p><p>Pakalpojuma sniedz\u0113js s\u016bta visus zi\u0146ojumus un citu inform\u0101ciju Pat\u0113r\u0113t\u0101jam uz Pat\u0113r\u0113t\u0101ja nor\u0101d\u012bto e-pasta adresi. Lai sazin\u0101tos ar Pat\u0113r\u0113t\u0101ju, Pakalpojuma sniedz\u0113js ir ties\u012bgs izmantot da\u017e\u0101dus komunik\u0101cijas kan\u0101lus, taj\u0101 skait\u0101, t\u0101lruni, katalogus, tie\u0161\u0101 pasta rekl\u0101mu, e-pastu, sms apzi\u0146o\u0161anu un citus veidus<\/p><p>\u0160ie noteikumi ir izveidoti saska\u0146\u0101 ar Latvijas Republikas ties\u012bbu aktiem, un jebkurus str\u012bdus s\u0101kotn\u0113ji iesaist\u012btaj\u0101m pus\u0113m j\u0101cen\u0161as atrisin\u0101t sarunu ce\u013c\u0101, bet ja tas nav iesp\u0113jams, tad tiesas ce\u013c\u0101 Eiropas Savien\u012bbas normat\u012bvajos aktos paredz\u0113taj\u0101 k\u0101rt\u012bb\u0101<\/p><p><strong>Datu apstr\u0101de<\/strong><\/p><p>Ievadot nepiecie\u0161amo inform\u0101ciju, noform\u0113jot pas\u016bt\u012bjumu, Pat\u0113r\u0113t\u0101js apliecina, ka ir iepazinies un piekr\u012bt, ka vi\u0146a sniegtie dati tiek izmantoti, lai Pakalpojuma sniedz\u0113js var\u0113tu pie\u0146emt Pat\u0113r\u0113t\u0101ja pas\u016bt\u012bjumu un veikt pakalpojumu saska\u0146\u0101 ar normat\u012bvo aktu pras\u012bb\u0101m. Ievadot inform\u0101ciju, Pat\u0113r\u0113t\u0101js piekr\u012bt, ka tam uz nor\u0101d\u012bto e-pastu tiks izs\u016bt\u012bti pazi\u0146ojumi, kas saist\u012bti ar Pat\u0113r\u0113t\u0101ja pas\u016bt\u012bjuma apstr\u0101di.<\/p><p>Ar detaliz\u0113tu inform\u0101ciju par personas datu apstr\u0101di Pat\u0113r\u0113t\u0101js var iepaz\u012bties internetvietnes sada\u013c\u0101 \u201cpriv\u0101tuma politika\u201d.<\/p><p>Pat\u0113r\u0113t\u0101ja pakalpojuma noform\u0113\u0161anas fakts ir beznosac\u012bjuma fakts, kas apliecina, ka Pat\u0113r\u0113t\u0101js piekr\u012bt \u0161\u012b L\u012bguma nosac\u012bjumiem. Pakalpojuma sniedz\u0113js ir ties\u012bgs atteikties nosl\u0113gt L\u012bgumu un veikt Pas\u016bt\u012bjumu, nenor\u0101dot iemeslus.<\/p>\t\t\t\t\t\t\t\t<\/div>\n\t\t\t\t<\/div>\n\t\t\t\t\t<\/div>\n\t\t\t\t<\/div>\n\t\t\t\t<\/div>\n\t\t","protected":false},"excerpt":{"rendered":"<p>\u0423\u0441\u043b\u043e\u0432\u0438\u044f \u0438\u0441\u043f\u043e\u043b\u044c\u0437\u043e\u0432\u0430\u043d\u0438\u044f Distances l\u012bgums GetUp IK, re\u0123. Nr. 40002211123, Stopi\u0146u iela 8 k-1 -14, LV-1035, R\u012bga, turpm\u0101k \u2013 internetvietne \u2013 nodro\u0161ina m\u0101jas lap\u0101 pieejamo saturu un sniedz pakalpojumus saska\u0146\u0101 ar zem\u0101k izkl\u0101st\u012btajiem Lieto\u0161anas noteikumiem. Visp\u0101r\u012bgie noteikumi Ja pat\u0113r\u0113t\u0101js, izmantojot m\u0101jas lapas starpniec\u012bbu ieg\u0101d\u0101jas pakalpojumus, tad \u0161\u0101da savstarp\u0113ja vieno\u0161an\u0101s tiek uzskat\u012bta par Distances l\u012bgumu un ir [&hellip;]<\/p>\n","protected":false},"author":1,"featured_media":0,"parent":0,"menu_order":0,"comment_status":"closed","ping_status":"closed","template":"","meta":{"inline_featured_image":false,"footnotes":""},"class_list":["post-1272","page","type-page","status-publish","hentry"],"acf":[],"yoast_head":"<!-- This site is optimized with the Yoast SEO plugin v26.0 - https:\/\/yoast.com\/wordpress\/plugins\/seo\/ -->\n<title>\u0423\u0441\u043b\u043e\u0432\u0438\u044f \u0438\u0441\u043f\u043e\u043b\u044c\u0437\u043e\u0432\u0430\u043d\u0438\u044f - GetUp Smart Wellness<\/title>\n<meta name=\"robots\" content=\"index, follow, max-snippet:-1, max-image-preview:large, max-video-preview:-1\" \/>\n<link rel=\"canonical\" href=\"https:\/\/getup.lv\/ru\/usloviya-ispolzovaniya\/\" \/>\n<meta property=\"og:locale\" content=\"ru_RU\" \/>\n<meta property=\"og:type\" content=\"article\" \/>\n<meta property=\"og:title\" content=\"\u0423\u0441\u043b\u043e\u0432\u0438\u044f \u0438\u0441\u043f\u043e\u043b\u044c\u0437\u043e\u0432\u0430\u043d\u0438\u044f - GetUp Smart Wellness\" \/>\n<meta property=\"og:description\" content=\"\u0423\u0441\u043b\u043e\u0432\u0438\u044f \u0438\u0441\u043f\u043e\u043b\u044c\u0437\u043e\u0432\u0430\u043d\u0438\u044f Distances l\u012bgums GetUp IK, re\u0123. Nr. 40002211123, Stopi\u0146u iela 8 k-1 -14, LV-1035, R\u012bga, turpm\u0101k \u2013 internetvietne \u2013 nodro\u0161ina m\u0101jas lap\u0101 pieejamo saturu un sniedz pakalpojumus saska\u0146\u0101 ar zem\u0101k izkl\u0101st\u012btajiem Lieto\u0161anas noteikumiem. Visp\u0101r\u012bgie noteikumi Ja pat\u0113r\u0113t\u0101js, izmantojot m\u0101jas lapas starpniec\u012bbu ieg\u0101d\u0101jas pakalpojumus, tad \u0161\u0101da savstarp\u0113ja vieno\u0161an\u0101s tiek uzskat\u012bta par Distances l\u012bgumu un ir [&hellip;]\" \/>\n<meta property=\"og:url\" content=\"https:\/\/getup.lv\/ru\/usloviya-ispolzovaniya\/\" \/>\n<meta property=\"og:site_name\" content=\"GetUp Smart Wellness\" \/>\n<meta property=\"article:modified_time\" content=\"2025-10-21T09:41:22+00:00\" \/>\n<meta name=\"twitter:card\" content=\"summary_large_image\" \/>\n<meta name=\"twitter:label1\" content=\"\u041f\u0440\u0438\u043c\u0435\u0440\u043d\u043e\u0435 \u0432\u0440\u0435\u043c\u044f \u0434\u043b\u044f \u0447\u0442\u0435\u043d\u0438\u044f\" \/>\n\t<meta name=\"twitter:data1\" content=\"4 \u043c\u0438\u043d\u0443\u0442\u044b\" \/>\n<script type=\"application\/ld+json\" class=\"yoast-schema-graph\">{\"@context\":\"https:\/\/schema.org\",\"@graph\":[{\"@type\":\"WebPage\",\"@id\":\"https:\/\/getup.lv\/ru\/usloviya-ispolzovaniya\/\",\"url\":\"https:\/\/getup.lv\/ru\/usloviya-ispolzovaniya\/\",\"name\":\"\u0423\u0441\u043b\u043e\u0432\u0438\u044f \u0438\u0441\u043f\u043e\u043b\u044c\u0437\u043e\u0432\u0430\u043d\u0438\u044f - GetUp Smart Wellness\",\"isPartOf\":{\"@id\":\"https:\/\/getup.lv\/#website\"},\"datePublished\":\"2024-03-19T08:56:16+00:00\",\"dateModified\":\"2025-10-21T09:41:22+00:00\",\"breadcrumb\":{\"@id\":\"https:\/\/getup.lv\/ru\/usloviya-ispolzovaniya\/#breadcrumb\"},\"inLanguage\":\"ru-RU\",\"potentialAction\":[{\"@type\":\"ReadAction\",\"target\":[\"https:\/\/getup.lv\/ru\/usloviya-ispolzovaniya\/\"]}]},{\"@type\":\"BreadcrumbList\",\"@id\":\"https:\/\/getup.lv\/ru\/usloviya-ispolzovaniya\/#breadcrumb\",\"itemListElement\":[{\"@type\":\"ListItem\",\"position\":1,\"name\":\"Home\",\"item\":\"https:\/\/getup.lv\/\"},{\"@type\":\"ListItem\",\"position\":2,\"name\":\"\u0423\u0441\u043b\u043e\u0432\u0438\u044f \u0438\u0441\u043f\u043e\u043b\u044c\u0437\u043e\u0432\u0430\u043d\u0438\u044f\"}]},{\"@type\":\"WebSite\",\"@id\":\"https:\/\/getup.lv\/#website\",\"url\":\"https:\/\/getup.lv\/\",\"name\":\"GetUp Smart Wellness\",\"description\":\"\",\"potentialAction\":[{\"@type\":\"SearchAction\",\"target\":{\"@type\":\"EntryPoint\",\"urlTemplate\":\"https:\/\/getup.lv\/?s={search_term_string}\"},\"query-input\":{\"@type\":\"PropertyValueSpecification\",\"valueRequired\":true,\"valueName\":\"search_term_string\"}}],\"inLanguage\":\"ru-RU\"}]}<\/script>\n<!-- \/ Yoast SEO plugin. -->","yoast_head_json":{"title":"\u0423\u0441\u043b\u043e\u0432\u0438\u044f \u0438\u0441\u043f\u043e\u043b\u044c\u0437\u043e\u0432\u0430\u043d\u0438\u044f - GetUp Smart Wellness","robots":{"index":"index","follow":"follow","max-snippet":"max-snippet:-1","max-image-preview":"max-image-preview:large","max-video-preview":"max-video-preview:-1"},"canonical":"https:\/\/getup.lv\/ru\/usloviya-ispolzovaniya\/","og_locale":"ru_RU","og_type":"article","og_title":"\u0423\u0441\u043b\u043e\u0432\u0438\u044f \u0438\u0441\u043f\u043e\u043b\u044c\u0437\u043e\u0432\u0430\u043d\u0438\u044f - GetUp Smart Wellness","og_description":"\u0423\u0441\u043b\u043e\u0432\u0438\u044f \u0438\u0441\u043f\u043e\u043b\u044c\u0437\u043e\u0432\u0430\u043d\u0438\u044f Distances l\u012bgums GetUp IK, re\u0123. Nr. 40002211123, Stopi\u0146u iela 8 k-1 -14, LV-1035, R\u012bga, turpm\u0101k \u2013 internetvietne \u2013 nodro\u0161ina m\u0101jas lap\u0101 pieejamo saturu un sniedz pakalpojumus saska\u0146\u0101 ar zem\u0101k izkl\u0101st\u012btajiem Lieto\u0161anas noteikumiem. Visp\u0101r\u012bgie noteikumi Ja pat\u0113r\u0113t\u0101js, izmantojot m\u0101jas lapas starpniec\u012bbu ieg\u0101d\u0101jas pakalpojumus, tad \u0161\u0101da savstarp\u0113ja vieno\u0161an\u0101s tiek uzskat\u012bta par Distances l\u012bgumu un ir [&hellip;]","og_url":"https:\/\/getup.lv\/ru\/usloviya-ispolzovaniya\/","og_site_name":"GetUp Smart Wellness","article_modified_time":"2025-10-21T09:41:22+00:00","twitter_card":"summary_large_image","twitter_misc":{"\u041f\u0440\u0438\u043c\u0435\u0440\u043d\u043e\u0435 \u0432\u0440\u0435\u043c\u044f \u0434\u043b\u044f \u0447\u0442\u0435\u043d\u0438\u044f":"4 \u043c\u0438\u043d\u0443\u0442\u044b"},"schema":{"@context":"https:\/\/schema.org","@graph":[{"@type":"WebPage","@id":"https:\/\/getup.lv\/ru\/usloviya-ispolzovaniya\/","url":"https:\/\/getup.lv\/ru\/usloviya-ispolzovaniya\/","name":"\u0423\u0441\u043b\u043e\u0432\u0438\u044f \u0438\u0441\u043f\u043e\u043b\u044c\u0437\u043e\u0432\u0430\u043d\u0438\u044f - GetUp Smart Wellness","isPartOf":{"@id":"https:\/\/getup.lv\/#website"},"datePublished":"2024-03-19T08:56:16+00:00","dateModified":"2025-10-21T09:41:22+00:00","breadcrumb":{"@id":"https:\/\/getup.lv\/ru\/usloviya-ispolzovaniya\/#breadcrumb"},"inLanguage":"ru-RU","potentialAction":[{"@type":"ReadAction","target":["https:\/\/getup.lv\/ru\/usloviya-ispolzovaniya\/"]}]},{"@type":"BreadcrumbList","@id":"https:\/\/getup.lv\/ru\/usloviya-ispolzovaniya\/#breadcrumb","itemListElement":[{"@type":"ListItem","position":1,"name":"Home","item":"https:\/\/getup.lv\/"},{"@type":"ListItem","position":2,"name":"\u0423\u0441\u043b\u043e\u0432\u0438\u044f \u0438\u0441\u043f\u043e\u043b\u044c\u0437\u043e\u0432\u0430\u043d\u0438\u044f"}]},{"@type":"WebSite","@id":"https:\/\/getup.lv\/#website","url":"https:\/\/getup.lv\/","name":"GetUp Smart Wellness","description":"","potentialAction":[{"@type":"SearchAction","target":{"@type":"EntryPoint","urlTemplate":"https:\/\/getup.lv\/?s={search_term_string}"},"query-input":{"@type":"PropertyValueSpecification","valueRequired":true,"valueName":"search_term_string"}}],"inLanguage":"ru-RU"}]}},"_links":{"self":[{"href":"https:\/\/getup.lv\/ru\/wp-json\/wp\/v2\/pages\/1272","targetHints":{"allow":["GET"]}}],"collection":[{"href":"https:\/\/getup.lv\/ru\/wp-json\/wp\/v2\/pages"}],"about":[{"href":"https:\/\/getup.lv\/ru\/wp-json\/wp\/v2\/types\/page"}],"author":[{"embeddable":true,"href":"https:\/\/getup.lv\/ru\/wp-json\/wp\/v2\/users\/1"}],"replies":[{"embeddable":true,"href":"https:\/\/getup.lv\/ru\/wp-json\/wp\/v2\/comments?post=1272"}],"version-history":[{"count":26,"href":"https:\/\/getup.lv\/ru\/wp-json\/wp\/v2\/pages\/1272\/revisions"}],"predecessor-version":[{"id":2966,"href":"https:\/\/getup.lv\/ru\/wp-json\/wp\/v2\/pages\/1272\/revisions\/2966"}],"wp:attachment":[{"href":"https:\/\/getup.lv\/ru\/wp-json\/wp\/v2\/media?parent=1272"}],"curies":[{"name":"wp","href":"https:\/\/api.w.org\/{rel}","templated":true}]}}